{"id":208,"date":"2013-09-10T09:16:28","date_gmt":"2013-09-10T09:16:28","guid":{"rendered":"http:\/\/frsf-nl.de\/?page_id=208"},"modified":"2014-02-15T11:57:38","modified_gmt":"2014-02-15T11:57:38","slug":"uber-uns","status":"publish","type":"page","link":"http:\/\/frsf-nl.de\/?page_id=208","title":{"rendered":"\u00dcber uns"},"content":{"rendered":"<p>In unserem Verein steht der gemeinsame Sport mit Pferden an erster Stelle.<br \/>\nSo unternehmen wir zusammen Ausfahrten (wie unsere Herbst- und Nikolausfahrt), veranstalten Orientierungsritte und Kutschenrallys, und nehmen mit unseren Pferden an \u00f6ffentlichen Rundfahrten und Veranstaltungen (wie dem Georgiritt in Effeltrich oder den Weihnachtsm\u00e4rkten in Adelsdorf und He\u00dfdorf) teil. Au\u00dferdem treffen wir uns jeden letzten Freitag im Monat zum gemeinsamen Stammtisch im Gasthof Staudigel in Klebheim.<\/p>\n<p><a href=\"http:\/\/frsf-nl.de\/wp-content\/uploads\/2013\/09\/P10008861.jpg\"><img loading=\"lazy\" decoding=\"async\" class=\"alignnone size-medium wp-image-259\" alt=\"P1000886\" src=\"http:\/\/frsf-nl.de\/wp-content\/uploads\/2013\/09\/P10008861-500x240.jpg\" width=\"500\" height=\"240\" srcset=\"http:\/\/frsf-nl.de\/wp-content\/uploads\/2013\/09\/P10008861-500x240.jpg 500w, http:\/\/frsf-nl.de\/wp-content\/uploads\/2013\/09\/P10008861.jpg 1000w\" sizes=\"(max-width: 500px) 100vw, 500px\" \/><\/a><\/p>\n<p>Der Verein wurde 2002 von ans\u00e4ssigen Pferdebegeisterten gegr\u00fcndet und umfasst heute zahlreiche Fahrer und Reiter aus der Umgebung. Wir freuen uns ebenso einige erfolgreiche Turnierfahrer und -Reiter in den Bereichen Western, Dressur und Vielseitigkeit zu uns z\u00e4hlen zu k\u00f6nnen, wie \u00fcber die vielen Freizeitreiter und -Fahrer, die den Pferdesport mit Freuden aus\u00fcben und \u00fcber alle Weiteren, die Spa\u00df am Umgang mit Pferden haben.<\/p>\n<p>Wenn Sie Interesse haben, sich unseren Verein anzuschlie\u00dfen sind Sie jederzeit bei uns willkommen! Wir freuen uns immer \u00fcber aktive Mitglieder, die sich im Vereinsgeschehen einbringen wollen und Spa\u00df an der Arbeit mit Pferden haben!<\/p>\n","protected":false},"excerpt":{"rendered":"<p>In unserem Verein steht der gemeinsame Sport mit Pferden an erster Stelle. So unternehmen wir zusammen Ausfahrten (wie unsere Herbst- und Nikolausfahrt), veranstalten Orientierungsritte und Kutschenrallys, und nehmen mit unseren Pferden an \u00f6ffentlichen Rundfahrten und Veranstaltungen (wie dem Georgiritt in &hellip; <a href=\"http:\/\/frsf-nl.de\/?page_id=208\">Weiterlesen <span class=\"meta-nav\">&rarr;<\/span><\/a><\/p>\n","protected":false},"author":2,"featured_media":0,"parent":0,"menu_order":0,"comment_status":"closed","ping_status":"closed","template":"","meta":{"footnotes":""},"class_list":["post-208","page","type-page","status-publish","hentry"],"_links":{"self":[{"href":"http:\/\/frsf-nl.de\/index.php?rest_route=\/wp\/v2\/pages\/208"}],"collection":[{"href":"http:\/\/frsf-nl.de\/index.php?rest_route=\/wp\/v2\/pages"}],"about":[{"href":"http:\/\/frsf-nl.de\/index.php?rest_route=\/wp\/v2\/types\/page"}],"author":[{"embeddable":true,"href":"http:\/\/frsf-nl.de\/index.php?rest_route=\/wp\/v2\/users\/2"}],"replies":[{"embeddable":true,"href":"http:\/\/frsf-nl.de\/index.php?rest_route=%2Fwp%2Fv2%2Fcomments&post=208"}],"version-history":[{"count":8,"href":"http:\/\/frsf-nl.de\/index.php?rest_route=\/wp\/v2\/pages\/208\/revisions"}],"predecessor-version":[{"id":250,"href":"http:\/\/frsf-nl.de\/index.php?rest_route=\/wp\/v2\/pages\/208\/revisions\/250"}],"wp:attachment":[{"href":"http:\/\/frsf-nl.de\/index.php?rest_route=%2Fwp%2Fv2%2Fmedia&parent=208"}],"curies":[{"name":"wp","href":"https:\/\/api.w.org\/{rel}","templated":true}]}}