{"id":1442,"date":"2024-08-04T10:16:23","date_gmt":"2024-08-04T10:16:23","guid":{"rendered":"http:\/\/frsf-nl.de\/?page_id=1442"},"modified":"2024-08-04T12:40:49","modified_gmt":"2024-08-04T12:40:49","slug":"turnier-2024","status":"publish","type":"page","link":"https:\/\/frsf-nl.de\/?page_id=1442","title":{"rendered":"Turnier 2024"},"content":{"rendered":"<p>\n\n\n<\/p>\n<p>Wir freuen uns sehr, dass wir dieses Jahr wieder<\/p>\n<p>\n\n\n\n<\/p>\n<p>die<strong> Fr\u00e4nkischen Meisterschaften\u00a0 <\/strong>der\u00a0<strong>Einsp\u00e4nner und Zweisp\u00e4nner Pferde und Ponys und der Jugend<br \/><br \/><\/strong>sowie<strong> die Bayerischen Jugendmeisterschafen<\/strong><\/p>\n<p>\n\n\n\n<\/p>\n<p>in Niederlindach austragen d\u00fcrfen!<\/p>\n<p>\n\n\n\n<\/p>\n<p>Da die <strong>Oberbayerischen Meisterschaften<\/strong> in Schwaiganger leider aufgrund schlechter Wetterbedingungen abgesagt werden mussten, \u00fcbernehmen wir die<strong> Oberbayerischen Meisterschaften der Zweisp\u00e4nner Pferd und Pony!<\/strong><\/p>\n<p>\n\n\n<\/p>\n\n\n<figure class=\"wp-block-image size-large\"><img loading=\"lazy\" decoding=\"async\" width=\"724\" height=\"1024\" src=\"http:\/\/frsf-nl.de\/wp-content\/uploads\/2024\/08\/Plakat-2024-724x1024.png\" alt=\"\" class=\"wp-image-1443\" srcset=\"https:\/\/frsf-nl.de\/wp-content\/uploads\/2024\/08\/Plakat-2024-724x1024.png 724w, https:\/\/frsf-nl.de\/wp-content\/uploads\/2024\/08\/Plakat-2024-353x500.png 353w, https:\/\/frsf-nl.de\/wp-content\/uploads\/2024\/08\/Plakat-2024-768x1086.png 768w, https:\/\/frsf-nl.de\/wp-content\/uploads\/2024\/08\/Plakat-2024-1086x1536.png 1086w, https:\/\/frsf-nl.de\/wp-content\/uploads\/2024\/08\/Plakat-2024-212x300.png 212w, https:\/\/frsf-nl.de\/wp-content\/uploads\/2024\/08\/Plakat-2024.png 1240w\" sizes=\"(max-width: 724px) 100vw, 724px\" \/><\/figure>\n\n\n<p><strong>Wann:\u00a0 13. &#8211; 15.09.2024<br \/><\/strong><\/p>\n<p><strong>Wo: Am Fahrplatz, R\u00f6ttenbacher Weg, 91093 Niederlindach<\/strong><\/p>\n<p>Auf dieser Internetseite k\u00f6nnen Sie sich sowohl als\u00a0<a title=\"Informationen Teilnehmer\" href=\"http:\/\/frsf-nl.de\/?page_id=1450\"><strong>Teilnehmer<\/strong><\/a>, als\u00a0<a title=\"Informationen Besucher\" href=\"http:\/\/frsf-nl.de\/?page_id=1455\"><strong>Besucher<\/strong><\/a>\u00a0oder Helfer \u00fcber die neuesten Entwicklungen informieren!\u00a0<a href=\"https:\/\/goo.gl\/maps\/8BUjZ4WhirR2\"><em>Anfahrt \u00fcber Google Maps<\/em><\/a><\/p>\n<p><strong>Wir Freuen uns sehr auf Ihre Teilnahme und Ihren Besuch!<\/strong><\/p>\n<p><a href=\"https:\/\/www.facebook.com\/FahrundReitsportfreundeNiederlindach\"><em>Impressionen von dem Turnier in Niederlindach 2021 auf facebook<\/em><\/a><\/p>\n<p>Bei weiteren Fragen wenden Sie sich bitte an unseren 1. Vorstand Bernhard Gumbrecht.<\/p>","protected":false},"excerpt":{"rendered":"<p>Wir freuen uns sehr, dass wir dieses Jahr wieder die Fr\u00e4nkischen Meisterschaften\u00a0 der\u00a0Einsp\u00e4nner und Zweisp\u00e4nner Pferde und Ponys und der Jugend sowie die Bayerischen Jugendmeisterschafen in Niederlindach austragen d\u00fcrfen! Da die Oberbayerischen Meisterschaften in Schwaiganger leider aufgrund schlechter Wetterbedingungen abgesagt &hellip; <a href=\"https:\/\/frsf-nl.de\/?page_id=1442\">Weiterlesen <span class=\"meta-nav\">&rarr;<\/span><\/a><\/p>\n","protected":false},"author":2,"featured_media":0,"parent":0,"menu_order":0,"comment_status":"closed","ping_status":"closed","template":"","meta":{"footnotes":""},"class_list":["post-1442","page","type-page","status-publish","hentry"],"_links":{"self":[{"href":"https:\/\/frsf-nl.de\/index.php?rest_route=\/wp\/v2\/pages\/1442"}],"collection":[{"href":"https:\/\/frsf-nl.de\/index.php?rest_route=\/wp\/v2\/pages"}],"about":[{"href":"https:\/\/frsf-nl.de\/index.php?rest_route=\/wp\/v2\/types\/page"}],"author":[{"embeddable":true,"href":"https:\/\/frsf-nl.de\/index.php?rest_route=\/wp\/v2\/users\/2"}],"replies":[{"embeddable":true,"href":"https:\/\/frsf-nl.de\/index.php?rest_route=%2Fwp%2Fv2%2Fcomments&post=1442"}],"version-history":[{"count":5,"href":"https:\/\/frsf-nl.de\/index.php?rest_route=\/wp\/v2\/pages\/1442\/revisions"}],"predecessor-version":[{"id":1504,"href":"https:\/\/frsf-nl.de\/index.php?rest_route=\/wp\/v2\/pages\/1442\/revisions\/1504"}],"wp:attachment":[{"href":"https:\/\/frsf-nl.de\/index.php?rest_route=%2Fwp%2Fv2%2Fmedia&parent=1442"}],"curies":[{"name":"wp","href":"https:\/\/api.w.org\/{rel}","templated":true}]}}