{"id":1455,"date":"2024-08-04T11:27:47","date_gmt":"2024-08-04T11:27:47","guid":{"rendered":"http:\/\/frsf-nl.de\/?page_id=1455"},"modified":"2024-09-18T19:28:18","modified_gmt":"2024-09-18T19:28:18","slug":"informationen-besucher-2","status":"publish","type":"page","link":"https:\/\/frsf-nl.de\/?page_id=1455","title":{"rendered":"Informationen Besucher"},"content":{"rendered":"<div class=\"entry-content\">\n<h1>Fr\u00e4nkische Meisterschaften &#8211; Bayerische Jugendmeisterschaften &#8211; Oberbayerische Zweisp\u00e4nnermeisterschaften<\/h1>\n<h1>13.09. &#8211; 15.09.2024<\/h1>\n<p>Am Wochenende vom 13.09. &#8211; 15.09.2024\u00a0 wird Niederlindach wieder ein Sammelpunkt f\u00fcr die besten Gespannfahrer aus ganz S\u00fcddeutschland, die ihr K\u00f6nnen und Geschick in drei unterschiedlichen Teilpr\u00fcfungen unter Bewei\u00df stellen m\u00fcssen!<\/p>\n<p>Wir freuen uns auf wundersch\u00f6ne und elegante Pferde und W\u00e4gen in der Dressur,<br \/>\nrasante und faszinierende Man\u00f6ver im Gel\u00e4ndefahren (Marathon) und spannende Fahrten im Kegelfahren!<\/p>\n<p>Kommen Sie vorbei und erleben Sie einen Pferdesport der Tradition und Spannung verbindet!<br \/>\n(weitere Informationen zum Fahrsport finden Sie <a title=\"hier\" href=\"http:\/\/frsf-nl.de\/?page_id=928\">hier<\/a>)<br \/>\nDie Veranstaltung auf Facebook finden Sie <a href=\"https:\/\/www.facebook.com\/share\/HGKRBm8gEEkyjGu4\/\">hier<\/a>.<\/p>\n<p><img loading=\"lazy\" decoding=\"async\" class=\"alignnone size-medium wp-image-1477\" src=\"http:\/\/frsf-nl.de\/wp-content\/uploads\/2024\/08\/20414329_1887758751487398_8340095056534368514_o-500x333.jpg\" alt=\"\" width=\"500\" height=\"333\" srcset=\"https:\/\/frsf-nl.de\/wp-content\/uploads\/2024\/08\/20414329_1887758751487398_8340095056534368514_o-500x333.jpg 500w, https:\/\/frsf-nl.de\/wp-content\/uploads\/2024\/08\/20414329_1887758751487398_8340095056534368514_o-1024x683.jpg 1024w, https:\/\/frsf-nl.de\/wp-content\/uploads\/2024\/08\/20414329_1887758751487398_8340095056534368514_o-768x512.jpg 768w, https:\/\/frsf-nl.de\/wp-content\/uploads\/2024\/08\/20414329_1887758751487398_8340095056534368514_o-1536x1024.jpg 1536w, https:\/\/frsf-nl.de\/wp-content\/uploads\/2024\/08\/20414329_1887758751487398_8340095056534368514_o-450x300.jpg 450w, https:\/\/frsf-nl.de\/wp-content\/uploads\/2024\/08\/20414329_1887758751487398_8340095056534368514_o.jpg 2048w\" sizes=\"(max-width: 500px) 100vw, 500px\" \/><br \/>\nFoto von Kerstin Hedwig &#8211;\u00a0 Martin Metzner in der Gel\u00e4ndepr\u00fcfung<\/p>\n<p><strong>Programm:<br \/>\n<\/strong>Donnerstag 12.09.: \u00a0 Fahrerempfang<br \/>\nFreitag 13.09.: \u00a0 \u00a0 \u00a0 \u00a0 \u00a0 ab 8:00 Uhr &#8211; ca. 17:00 Uhr\u00a0\u00a0\u00a0 <strong>Dressurpr\u00fcfungen<\/strong><br \/>\nSamstag 14.09.: \u00a0 \u00a0 \u00a0\u00a0 ab 9:00 Uhr:\u00a0\u00a0\u00a0\u00a0\u00a0\u00a0\u00a0\u00a0\u00a0\u00a0\u00a0\u00a0\u00a0\u00a0\u00a0\u00a0\u00a0\u00a0\u00a0\u00a0\u00a0\u00a0\u00a0\u00a0\u00a0\u00a0\u00a0 <strong>WBO Pr\u00fcfungen<br \/>\n<\/strong> \u00a0\u00a0\u00a0\u00a0\u00a0\u00a0\u00a0\u00a0\u00a0\u00a0\u00a0\u00a0\u00a0\u00a0\u00a0\u00a0\u00a0\u00a0\u00a0\u00a0\u00a0\u00a0\u00a0\u00a0\u00a0\u00a0\u00a0 \u00a0\u00a0 \u00a0\u00a0 ab 11:00 Uhr:\u00a0\u00a0\u00a0\u00a0\u00a0\u00a0\u00a0\u00a0\u00a0\u00a0\u00a0\u00a0\u00a0\u00a0\u00a0\u00a0\u00a0\u00a0\u00a0\u00a0\u00a0\u00a0\u00a0\u00a0\u00a0 <strong>Gel\u00e4ndefahren<\/strong><br \/>\nSonntag 15.09.: \u00a0 \u00a0 \u00a0 \u00a0 ab 9:00 Uhr &#8211; ca. 15:00 Uhr\u00a0\u00a0\u00a0 <strong>Kegelfahren<\/strong><\/p>\n<p><img loading=\"lazy\" decoding=\"async\" class=\"alignnone size-medium wp-image-1483\" src=\"http:\/\/frsf-nl.de\/wp-content\/uploads\/2024\/08\/455094037_1866458770529869_242764906067403283_n-500x333.jpg\" alt=\"\" width=\"500\" height=\"333\" srcset=\"https:\/\/frsf-nl.de\/wp-content\/uploads\/2024\/08\/455094037_1866458770529869_242764906067403283_n-500x333.jpg 500w, https:\/\/frsf-nl.de\/wp-content\/uploads\/2024\/08\/455094037_1866458770529869_242764906067403283_n-1024x683.jpg 1024w, https:\/\/frsf-nl.de\/wp-content\/uploads\/2024\/08\/455094037_1866458770529869_242764906067403283_n-768x512.jpg 768w, https:\/\/frsf-nl.de\/wp-content\/uploads\/2024\/08\/455094037_1866458770529869_242764906067403283_n-1536x1024.jpg 1536w, https:\/\/frsf-nl.de\/wp-content\/uploads\/2024\/08\/455094037_1866458770529869_242764906067403283_n-450x300.jpg 450w, https:\/\/frsf-nl.de\/wp-content\/uploads\/2024\/08\/455094037_1866458770529869_242764906067403283_n.jpg 2048w\" sizes=\"(max-width: 500px) 100vw, 500px\" \/><br \/>\nFoto von Kerstin Hedwig &#8211;\u00a0 Manuela Mittnacht im Kegelfahren<strong><br \/>\n<\/strong><\/p>\n<p><strong>Verpflegung:<\/strong><br \/>\nFreitag: fr\u00e4nkische Spezialit\u00e4ten vom Grill, Kaffee und Kuchen am Fahrplatz<br \/>\nSamstag: fr\u00e4nkische Spezialit\u00e4ten vom Grill, Kaffee und Kuchen am Fahrplatz<br \/>\nSonntag: fr\u00e4nkisches Mittagessen, Kaffee und Kuchen am Fahrplatz<\/p>\n<p><img loading=\"lazy\" decoding=\"async\" class=\"alignnone size-medium wp-image-1486\" src=\"http:\/\/frsf-nl.de\/wp-content\/uploads\/2024\/08\/20643230_1890408944555712_3446174852232471915_o-500x333.jpg\" alt=\"\" width=\"500\" height=\"333\" srcset=\"https:\/\/frsf-nl.de\/wp-content\/uploads\/2024\/08\/20643230_1890408944555712_3446174852232471915_o-500x333.jpg 500w, https:\/\/frsf-nl.de\/wp-content\/uploads\/2024\/08\/20643230_1890408944555712_3446174852232471915_o-1024x683.jpg 1024w, https:\/\/frsf-nl.de\/wp-content\/uploads\/2024\/08\/20643230_1890408944555712_3446174852232471915_o-768x512.jpg 768w, https:\/\/frsf-nl.de\/wp-content\/uploads\/2024\/08\/20643230_1890408944555712_3446174852232471915_o-1536x1024.jpg 1536w, https:\/\/frsf-nl.de\/wp-content\/uploads\/2024\/08\/20643230_1890408944555712_3446174852232471915_o-450x300.jpg 450w, https:\/\/frsf-nl.de\/wp-content\/uploads\/2024\/08\/20643230_1890408944555712_3446174852232471915_o.jpg 2048w\" sizes=\"(max-width: 500px) 100vw, 500px\" \/><br \/>\nFoto von Kerstin Hedwig &#8211;\u00a0 Armin Willnecker in der Dressur<\/p>\n<p><strong>Barbetrieb:<\/strong><br \/>\nFreitag und Samstag am Fahrplatz<\/p>\n<p><img loading=\"lazy\" decoding=\"async\" class=\"alignnone size-medium wp-image-1484\" src=\"http:\/\/frsf-nl.de\/wp-content\/uploads\/2024\/08\/455140708_1867311943777885_6686909215825731090_n-500x303.jpg\" alt=\"\" width=\"500\" height=\"303\" srcset=\"https:\/\/frsf-nl.de\/wp-content\/uploads\/2024\/08\/455140708_1867311943777885_6686909215825731090_n-500x303.jpg 500w, https:\/\/frsf-nl.de\/wp-content\/uploads\/2024\/08\/455140708_1867311943777885_6686909215825731090_n-1024x620.jpg 1024w, https:\/\/frsf-nl.de\/wp-content\/uploads\/2024\/08\/455140708_1867311943777885_6686909215825731090_n-768x465.jpg 768w, https:\/\/frsf-nl.de\/wp-content\/uploads\/2024\/08\/455140708_1867311943777885_6686909215825731090_n-1536x930.jpg 1536w, https:\/\/frsf-nl.de\/wp-content\/uploads\/2024\/08\/455140708_1867311943777885_6686909215825731090_n-495x300.jpg 495w, https:\/\/frsf-nl.de\/wp-content\/uploads\/2024\/08\/455140708_1867311943777885_6686909215825731090_n.jpg 2048w\" sizes=\"(max-width: 500px) 100vw, 500px\" \/><\/p>\n<p><strong>Anfahrt:<\/strong> R\u00f6ttenbacher Weg, 91093 Niederlindach \u00a0\u2013 \u00a0<a href=\"https:\/\/goo.gl\/maps\/8BUjZ4WhirR2\">Google Maps<\/a><a href=\"http:\/\/frsf-nl.de\/wp-content\/uploads\/2017\/07\/Hindernisse+-Abfahrplatz.png\"><img loading=\"lazy\" decoding=\"async\" class=\"alignnone size-medium wp-image-1271\" src=\"http:\/\/frsf-nl.de\/wp-content\/uploads\/2017\/07\/Hindernisse+-Abfahrplatz-500x410.png\" sizes=\"(max-width: 500px) 100vw, 500px\" srcset=\"http:\/\/frsf-nl.de\/wp-content\/uploads\/2017\/07\/Hindernisse+-Abfahrplatz-500x410.png 500w, http:\/\/frsf-nl.de\/wp-content\/uploads\/2017\/07\/Hindernisse+-Abfahrplatz-365x300.png 365w, http:\/\/frsf-nl.de\/wp-content\/uploads\/2017\/07\/Hindernisse+-Abfahrplatz.png 654w\" alt=\"Hindernisse+ Abfahrplatz\" width=\"500\" height=\"410\" \/><\/a><\/p>\n<\/div>\n\n\n<p class=\"has-text-align-center\"><strong>Ein gro\u00dfer Dank an unsere Sponsoren! <\/strong><\/p>\n\n\n\n<p class=\"has-text-align-center\"><a href=\"http:\/\/www.kraemer-pferdesport.de\/websale7\/?shopid=kraemer-pferdesport&amp;ref=Sponsoring\">Kr\u00e4mer Pferdesport<\/a><\/p>\n\n\n\n<p class=\"has-text-align-center\"><a href=\"https:\/\/www.josera.de\/help-pferd\">Josera &#8211; pet food with passion<\/a><\/p>\n\n\n\n<p class=\"has-text-align-center\"><a href=\"https:\/\/www.ea-st.com\/de\/\">east &#8211; equestrian athletic Sport technologies<\/a><\/p>\n\n\n\n<p class=\"has-text-align-center\"><a href=\"https:\/\/www.rb-dreifranken.de\/startseite.html\">Raiffeisenbank DreiFranken<\/a><\/p>\n","protected":false},"excerpt":{"rendered":"<p>Fr\u00e4nkische Meisterschaften &#8211; Bayerische Jugendmeisterschaften &#8211; Oberbayerische Zweisp\u00e4nnermeisterschaften 13.09. &#8211; 15.09.2024 Am Wochenende vom 13.09. &#8211; 15.09.2024\u00a0 wird Niederlindach wieder ein Sammelpunkt f\u00fcr die besten Gespannfahrer aus ganz S\u00fcddeutschland, die ihr K\u00f6nnen und Geschick in drei unterschiedlichen Teilpr\u00fcfungen unter Bewei\u00df &hellip; <a href=\"https:\/\/frsf-nl.de\/?page_id=1455\">Weiterlesen <span class=\"meta-nav\">&rarr;<\/span><\/a><\/p>\n","protected":false},"author":2,"featured_media":0,"parent":0,"menu_order":0,"comment_status":"closed","ping_status":"closed","template":"","meta":{"footnotes":""},"class_list":["post-1455","page","type-page","status-publish","hentry"],"_links":{"self":[{"href":"https:\/\/frsf-nl.de\/index.php?rest_route=\/wp\/v2\/pages\/1455"}],"collection":[{"href":"https:\/\/frsf-nl.de\/index.php?rest_route=\/wp\/v2\/pages"}],"about":[{"href":"https:\/\/frsf-nl.de\/index.php?rest_route=\/wp\/v2\/types\/page"}],"author":[{"embeddable":true,"href":"https:\/\/frsf-nl.de\/index.php?rest_route=\/wp\/v2\/users\/2"}],"replies":[{"embeddable":true,"href":"https:\/\/frsf-nl.de\/index.php?rest_route=%2Fwp%2Fv2%2Fcomments&post=1455"}],"version-history":[{"count":8,"href":"https:\/\/frsf-nl.de\/index.php?rest_route=\/wp\/v2\/pages\/1455\/revisions"}],"predecessor-version":[{"id":1555,"href":"https:\/\/frsf-nl.de\/index.php?rest_route=\/wp\/v2\/pages\/1455\/revisions\/1555"}],"wp:attachment":[{"href":"https:\/\/frsf-nl.de\/index.php?rest_route=%2Fwp%2Fv2%2Fmedia&parent=1455"}],"curies":[{"name":"wp","href":"https:\/\/api.w.org\/{rel}","templated":true}]}}