{"id":19,"date":"2013-08-23T22:32:37","date_gmt":"2013-08-23T22:32:37","guid":{"rendered":"http:\/\/frsf-nl.de\/?page_id=19"},"modified":"2015-06-21T22:14:10","modified_gmt":"2015-06-21T22:14:10","slug":"termine","status":"publish","type":"page","link":"https:\/\/frsf-nl.de\/?page_id=19","title":{"rendered":"Veranstaltungen"},"content":{"rendered":"<p>30.01.2015 \u00a0 \u00a0 \u00a0 \u00a0 \u00a0 \u00a0 Jahreshauptversammlung Gasthaus Staudigel\u00a0 &#8211;\u00a0 20.00 Uhr<\/p>\n<p>25.05.2014\u00a0 \u00a0 \u00a0 \u00a0 \u00a0 \u00a0 \u00a0 Fr\u00fchlingsfahrt nach M\u00f6hrendorf<\/p>\n<p>14.06.2014\u00a0 \u00a0 \u00a0 \u00a0 \u00a0 \u00a0 \u00a0 Vereins &#8211; Grilltag am Fahrplatz mit Kegelfahren und Training der<\/p>\n<p style=\"padding-left: 150px;\">Quadrille<\/p>\n<p>27.-28.6.2014\u00a0 \u00a0 \u00a0 \u00a0 \u00a0 Pferdeshow am 950-J\u00e4hrigen Jubil\u00e4um in Niederlindach<\/p>\n<p>18.10.2014 \u00a0 \u00a0 \u00a0 \u00a0 \u00a0 \u00a0 \u00a0Herbstfahrt<\/p>\n<p>-.12.2014\u00a0 \u00a0 \u00a0 \u00a0 \u00a0 \u00a0 \u00a0 \u00a0 \u00a0Adventsm\u00e4rkte in He\u00dfdorf, H\u00f6chstadt und Adelsdorf<\/p>\n<p>06.12.2014\u00a0 \u00a0 \u00a0 \u00a0 \u00a0 \u00a0 \u00a0 Nikolaus &#8211; Fahrt Niederlindach<strong>\u00a0<\/strong><\/p>\n","protected":false},"excerpt":{"rendered":"<p>30.01.2015 \u00a0 \u00a0 \u00a0 \u00a0 \u00a0 \u00a0 Jahreshauptversammlung Gasthaus Staudigel\u00a0 &#8211;\u00a0 20.00 Uhr 25.05.2014\u00a0 \u00a0 \u00a0 \u00a0 \u00a0 \u00a0 \u00a0 Fr\u00fchlingsfahrt nach M\u00f6hrendorf 14.06.2014\u00a0 \u00a0 \u00a0 \u00a0 \u00a0 \u00a0 \u00a0 Vereins &#8211; Grilltag am Fahrplatz mit Kegelfahren und Training der &hellip; <a href=\"https:\/\/frsf-nl.de\/?page_id=19\">Weiterlesen <span class=\"meta-nav\">&rarr;<\/span><\/a><\/p>\n","protected":false},"author":1,"featured_media":0,"parent":0,"menu_order":2,"comment_status":"closed","ping_status":"closed","template":"","meta":{"footnotes":""},"class_list":["post-19","page","type-page","status-publish","hentry"],"_links":{"self":[{"href":"https:\/\/frsf-nl.de\/index.php?rest_route=\/wp\/v2\/pages\/19"}],"collection":[{"href":"https:\/\/frsf-nl.de\/index.php?rest_route=\/wp\/v2\/pages"}],"about":[{"href":"https:\/\/frsf-nl.de\/index.php?rest_route=\/wp\/v2\/types\/page"}],"author":[{"embeddable":true,"href":"https:\/\/frsf-nl.de\/index.php?rest_route=\/wp\/v2\/users\/1"}],"replies":[{"embeddable":true,"href":"https:\/\/frsf-nl.de\/index.php?rest_route=%2Fwp%2Fv2%2Fcomments&post=19"}],"version-history":[{"count":17,"href":"https:\/\/frsf-nl.de\/index.php?rest_route=\/wp\/v2\/pages\/19\/revisions"}],"predecessor-version":[{"id":31,"href":"https:\/\/frsf-nl.de\/index.php?rest_route=\/wp\/v2\/pages\/19\/revisions\/31"}],"wp:attachment":[{"href":"https:\/\/frsf-nl.de\/index.php?rest_route=%2Fwp%2Fv2%2Fmedia&parent=19"}],"curies":[{"name":"wp","href":"https:\/\/api.w.org\/{rel}","templated":true}]}}