{"id":215,"date":"2013-09-10T09:29:41","date_gmt":"2013-09-10T09:29:41","guid":{"rendered":"http:\/\/frsf-nl.de\/?page_id=215"},"modified":"2014-07-30T10:40:13","modified_gmt":"2014-07-30T10:40:13","slug":"unsere-turniersportler","status":"publish","type":"page","link":"https:\/\/frsf-nl.de\/?page_id=215","title":{"rendered":"Unsere Turniersportler"},"content":{"rendered":"<p>Neben den Freizeitaktivit\u00e4ten mit unseren Pferden wollen wir auch den Turniersport<br \/>\n(besonders den Fahrsport) f\u00f6rdern und bekannt machen.<br \/>\nSo bieten wir f\u00fcr Vereinsmitglieder kostenlose Trainingsm\u00f6glichkeiten an und veranstalten alle 2-3 Jahre ein Fahrturnier.<\/p>\n<p>Zu unseren Turnierfahrern geh\u00f6ren Bernhard Gumbrecht, Lisa Noppenberger,<br \/>\nTobias Traut, Teresa Amon und Maike Ackermann. Hier freuen wir uns besonders um die starke Vertretung unserer Jugend. Im Westernsport sind wir mit Marita Emmert vertreten.<\/p>\n<p>&nbsp;<\/p>\n<p><strong>Bernhard Gumbrecht<\/strong><img loading=\"lazy\" decoding=\"async\" class=\"size-medium wp-image-227 alignright\" alt=\"k-DSCF8733p\" src=\"http:\/\/frsf-nl.de\/wp-content\/uploads\/2013\/09\/k-DSCF8733p-300x238.jpg\" width=\"300\" height=\"238\" srcset=\"https:\/\/frsf-nl.de\/wp-content\/uploads\/2013\/09\/k-DSCF8733p-300x238.jpg 300w, https:\/\/frsf-nl.de\/wp-content\/uploads\/2013\/09\/k-DSCF8733p-377x300.jpg 377w, https:\/\/frsf-nl.de\/wp-content\/uploads\/2013\/09\/k-DSCF8733p.jpg 800w\" sizes=\"(max-width: 300px) 100vw, 300px\" \/><\/p>\n<p>Bayerisches Kadermitglied<br \/>\n2-Sp\u00e4nner Ponys<\/p>\n<p>Fr\u00e4nkischer Meister Einsp\u00e4nner 2010<br \/>\n3. Platz Bayerische Meisterschaften \u00a0 \u00a0 \u00a0 \u00a0 \u00a0 \u00a0 \u00a0 \u00a02-Sp\u00e4nner 2013<br \/>\n2. Platz S\u00fcddeutsche<br \/>\nMannschaftsmeisterschaften<br \/>\n2014<\/p>\n<p>Pferde: \u00a0Nino 86, Navaro M, Nando M, <i>Winny L, Walesko<\/i><\/p>\n<p>&nbsp;<\/p>\n<p>&nbsp;<\/p>\n<p>&nbsp;<\/p>\n<p><strong>Lisa Noppenberger<a href=\"http:\/\/frsf-nl.de\/wp-content\/uploads\/2013\/09\/k-DSCF3762p.jpg\"><img loading=\"lazy\" decoding=\"async\" class=\"size-medium wp-image-226 alignright\" alt=\"k-DSCF3762p\" src=\"http:\/\/frsf-nl.de\/wp-content\/uploads\/2013\/09\/k-DSCF3762p-300x237.jpg\" width=\"300\" height=\"237\" srcset=\"https:\/\/frsf-nl.de\/wp-content\/uploads\/2013\/09\/k-DSCF3762p-300x237.jpg 300w, https:\/\/frsf-nl.de\/wp-content\/uploads\/2013\/09\/k-DSCF3762p-379x300.jpg 379w, https:\/\/frsf-nl.de\/wp-content\/uploads\/2013\/09\/k-DSCF3762p.jpg 800w\" sizes=\"(max-width: 300px) 100vw, 300px\" \/><\/a><br \/>\n<\/strong><\/p>\n<p>bayerisches Kadermitglied<br \/>\nEinsp\u00e4nner Pony<\/p>\n<p>Bayerische Jugendmeisterin \u00a0 \u00a0 \u00a0Einsp\u00e4nner 2008, 2009, 2010<br \/>\nVize Jugendweltmeisterin Einsp\u00e4nner \u00a02008<br \/>\nFr\u00e4nkische Jugendmeisterin \u00a0Einsp\u00e4nner 2010<br \/>\nFr\u00e4nkische Meisterin 2014<br \/>\nFr\u00e4nkische Viezmeisterin der Jugend \u00a02014<br \/>\n<i><\/i><\/p>\n<p>Pferde: Winny L, Nino 86, Navaro M<\/p>\n<p><i>\u00a0 \u00a0 \u00a0 \u00a0 \u00a0 \u00a0 \u00a0 \u00a0 \u00a0 \u00a0 \u00a0 \u00a0 \u00a0 \u00a0 \u00a0 \u00a0 \u00a0 \u00a0 \u00a0 \u00a0<\/i><\/p>\n<p>&nbsp;<\/p>\n<p><strong>Tobias Traut<a href=\"http:\/\/frsf-nl.de\/wp-content\/uploads\/2013\/09\/DSCF3840.jpg\"><img loading=\"lazy\" decoding=\"async\" class=\"size-medium wp-image-225 alignright\" alt=\"DSCF3840\" src=\"http:\/\/frsf-nl.de\/wp-content\/uploads\/2013\/09\/DSCF3840-300x215.jpg\" width=\"300\" height=\"215\" srcset=\"https:\/\/frsf-nl.de\/wp-content\/uploads\/2013\/09\/DSCF3840-300x215.jpg 300w, https:\/\/frsf-nl.de\/wp-content\/uploads\/2013\/09\/DSCF3840-418x300.jpg 418w, https:\/\/frsf-nl.de\/wp-content\/uploads\/2013\/09\/DSCF3840.jpg 800w\" sizes=\"(max-width: 300px) 100vw, 300px\" \/><\/a><\/strong><\/p>\n<p>bayerisches Jugendkadermitglied<\/p>\n<p>3. Platz Bayerische \u00a0Jugendmeisterschaften 2012<br \/>\nVizemeister der Bayerischen Jugend \u00a02014<br \/>\n3. Platz Fr\u00e4nkische Meisterschaften \u00a02014<\/p>\n<p>Pferde: Nino 86, Alexa, Arcello II, Adrienne<\/p>\n<p>&nbsp;<\/p>\n<p>&nbsp;<\/p>\n<p>&nbsp;<\/p>\n<p>&nbsp;<\/p>\n<p><strong>Teresa Amon<a href=\"http:\/\/frsf-nl.de\/wp-content\/uploads\/2013\/09\/DSCF3734.jpg\"><img loading=\"lazy\" decoding=\"async\" class=\"size-medium wp-image-221 alignright\" alt=\"DSCF3734\" src=\"http:\/\/frsf-nl.de\/wp-content\/uploads\/2013\/09\/DSCF3734-300x224.jpg\" width=\"300\" height=\"224\" srcset=\"https:\/\/frsf-nl.de\/wp-content\/uploads\/2013\/09\/DSCF3734-300x224.jpg 300w, https:\/\/frsf-nl.de\/wp-content\/uploads\/2013\/09\/DSCF3734-1024x767.jpg 1024w, https:\/\/frsf-nl.de\/wp-content\/uploads\/2013\/09\/DSCF3734-400x300.jpg 400w\" sizes=\"(max-width: 300px) 100vw, 300px\" \/><\/a><\/strong><\/p>\n<p>bayerisches Jugendkadermitglied<\/p>\n<p>2. Platz Bayerische \u00a0Jugendmeisterschaften 2013<br \/>\n3. Platz Fr\u00e4nkische Meisterschaften \u00a02013<\/p>\n<p>Pferde: Navaro M<\/p>\n<p>&nbsp;<\/p>\n<p>&nbsp;<\/p>\n<p>&nbsp;<\/p>\n<p><strong>Maike Ackermann<a href=\"http:\/\/frsf-nl.de\/wp-content\/uploads\/2013\/09\/984177_10152876441630521_803610974_n.jpg\"><img loading=\"lazy\" decoding=\"async\" class=\"size-medium wp-image-239 alignright\" alt=\"984177_10152876441630521_803610974_n\" src=\"http:\/\/frsf-nl.de\/wp-content\/uploads\/2013\/09\/984177_10152876441630521_803610974_n-300x200.jpg\" width=\"300\" height=\"200\" srcset=\"https:\/\/frsf-nl.de\/wp-content\/uploads\/2013\/09\/984177_10152876441630521_803610974_n-300x200.jpg 300w, https:\/\/frsf-nl.de\/wp-content\/uploads\/2013\/09\/984177_10152876441630521_803610974_n-450x300.jpg 450w, https:\/\/frsf-nl.de\/wp-content\/uploads\/2013\/09\/984177_10152876441630521_803610974_n.jpg 900w\" sizes=\"(max-width: 300px) 100vw, 300px\" \/><\/a><br \/>\n<\/strong><br \/>\nmehrere Platzierungen in Einsp\u00e4nner \u00a0A-Pr\u00fcfungen<\/p>\n<p>Pferde: Gandhi 128, Lobo 36<\/p>\n<p>&nbsp;<\/p>\n<p>&nbsp;<\/p>\n<p>&nbsp;<\/p>\n<p><strong>Marita Emmert<a href=\"http:\/\/frsf-nl.de\/wp-content\/uploads\/2013\/09\/DSCF9432.jpg\"><img loading=\"lazy\" decoding=\"async\" class=\"size-medium wp-image-223 alignright\" alt=\"DSCF9432\" src=\"http:\/\/frsf-nl.de\/wp-content\/uploads\/2013\/09\/DSCF9432-300x258.jpg\" width=\"300\" height=\"258\" srcset=\"https:\/\/frsf-nl.de\/wp-content\/uploads\/2013\/09\/DSCF9432-300x258.jpg 300w, https:\/\/frsf-nl.de\/wp-content\/uploads\/2013\/09\/DSCF9432-1024x882.jpg 1024w, https:\/\/frsf-nl.de\/wp-content\/uploads\/2013\/09\/DSCF9432-348x300.jpg 348w\" sizes=\"(max-width: 300px) 100vw, 300px\" \/><\/a><br \/>\n<\/strong><\/p>\n<p>Bayerische Meisterin Horse and Dog \u00a0Trail 2007<\/p>\n<p>Vizemeisterin Bayerische \u00a0Meisterschaften Horse and Dog Trail \u00a02008<\/p>\n<p>Weitere Platzierungen in Pleasure, \u00a0Horsemanship und Trail<\/p>\n<p>&nbsp;<\/p>\n<p>Pferde: Chico<\/p>\n<p>Hunde: Billy, Idefix<\/p>\n","protected":false},"excerpt":{"rendered":"<p>Neben den Freizeitaktivit\u00e4ten mit unseren Pferden wollen wir auch den Turniersport (besonders den Fahrsport) f\u00f6rdern und bekannt machen. So bieten wir f\u00fcr Vereinsmitglieder kostenlose Trainingsm\u00f6glichkeiten an und veranstalten alle 2-3 Jahre ein Fahrturnier. Zu unseren Turnierfahrern geh\u00f6ren Bernhard Gumbrecht, Lisa &hellip; <a href=\"https:\/\/frsf-nl.de\/?page_id=215\">Weiterlesen <span class=\"meta-nav\">&rarr;<\/span><\/a><\/p>\n","protected":false},"author":2,"featured_media":0,"parent":0,"menu_order":0,"comment_status":"closed","ping_status":"closed","template":"","meta":{"footnotes":""},"class_list":["post-215","page","type-page","status-publish","hentry"],"_links":{"self":[{"href":"https:\/\/frsf-nl.de\/index.php?rest_route=\/wp\/v2\/pages\/215"}],"collection":[{"href":"https:\/\/frsf-nl.de\/index.php?rest_route=\/wp\/v2\/pages"}],"about":[{"href":"https:\/\/frsf-nl.de\/index.php?rest_route=\/wp\/v2\/types\/page"}],"author":[{"embeddable":true,"href":"https:\/\/frsf-nl.de\/index.php?rest_route=\/wp\/v2\/users\/2"}],"replies":[{"embeddable":true,"href":"https:\/\/frsf-nl.de\/index.php?rest_route=%2Fwp%2Fv2%2Fcomments&post=215"}],"version-history":[{"count":22,"href":"https:\/\/frsf-nl.de\/index.php?rest_route=\/wp\/v2\/pages\/215\/revisions"}],"predecessor-version":[{"id":218,"href":"https:\/\/frsf-nl.de\/index.php?rest_route=\/wp\/v2\/pages\/215\/revisions\/218"}],"wp:attachment":[{"href":"https:\/\/frsf-nl.de\/index.php?rest_route=%2Fwp%2Fv2%2Fmedia&parent=215"}],"curies":[{"name":"wp","href":"https:\/\/api.w.org\/{rel}","templated":true}]}}